{"id":52,"date":"2023-06-10T09:42:31","date_gmt":"2023-06-10T09:42:31","guid":{"rendered":"https:\/\/ipust.no\/?page_id=52"},"modified":"2023-09-02T17:37:50","modified_gmt":"2023-09-02T17:37:50","slug":"radgivning-til-foreldre","status":"publish","type":"page","link":"https:\/\/ipust.no\/index.php\/radgivning-til-foreldre\/","title":{"rendered":"Familieveiledning"},"content":{"rendered":"\n<p style=\"font-size:25px\">Jeg er utdannelsen innen det pedagogiske fagfeltet fra universitet i Oslo, og har jobbet i barnehage, p\u00e5 spesialskole,  i barneskole og som spesialpedagog. <\/p>\n\n\n\n<p style=\"font-size:25px\">Jeg kan tilby samtaler, veiledning til forandringer hjemme, hvordan ha god kontakt med skolen, og hvordan skape gode forutsetninger for barn som trenger ekstra oppf\u00f8lging. <\/p>\n\n\n\n<p style=\"font-size:25px\">For meg er det viktig \u00e5 se hele menneske og hvilke livsutfordinger som kan p\u00e5virke og skape utfordringer for l\u00e6ring og utvikling. Gjennom observasjoner, tilstedev\u00e6relse og godt samarbeid kan endring skapes.<\/p>\n\n\n\n<p style=\"font-size:25px\">Jeg har selv dysleksi, og vet hvor viktig riktig motivasjon er for \u00e5 skape gode mestringsopplevelser. Det gode hverdagslivet handler om \u00e5 finne seg selv, sine l\u00e6ringsstrategier og sin egen vei. For vi skal ikke alle bli statsminister.  <\/p>\n\n\n<div class=\"wp-block-image\">\n<figure class=\"aligncenter size-medium is-resized\"><img decoding=\"async\" loading=\"lazy\" src=\"https:\/\/ipust.no\/wp-content\/uploads\/2023\/06\/Quote-foreldre-1-300x251.png\" alt=\"\" class=\"wp-image-72\" style=\"width:384px;height:321px\" width=\"384\" height=\"321\" srcset=\"https:\/\/ipust.no\/wp-content\/uploads\/2023\/06\/Quote-foreldre-1-300x251.png 300w, https:\/\/ipust.no\/wp-content\/uploads\/2023\/06\/Quote-foreldre-1-768x644.png 768w, https:\/\/ipust.no\/wp-content\/uploads\/2023\/06\/Quote-foreldre-1.png 940w\" sizes=\"(max-width: 384px) 100vw, 384px\" \/><\/figure><\/div>","protected":false},"excerpt":{"rendered":"<p>Jeg er utdannelsen innen det pedagogiske fagfeltet fra universitet i Oslo, og har jobbet i barnehage, p\u00e5 spesialskole, i barneskole og som spesialpedagog. Jeg kan tilby samtaler, veiledning til forandringer hjemme, hvordan ha god kontakt med skolen, og hvordan skape gode forutsetninger for barn som trenger ekstra oppf\u00f8lging. For meg er det viktig \u00e5 se&#8230;<\/p>\n","protected":false},"author":1,"featured_media":69,"parent":0,"menu_order":0,"comment_status":"closed","ping_status":"closed","template":"","meta":{"footnotes":""},"_links":{"self":[{"href":"https:\/\/ipust.no\/index.php\/wp-json\/wp\/v2\/pages\/52"}],"collection":[{"href":"https:\/\/ipust.no\/index.php\/wp-json\/wp\/v2\/pages"}],"about":[{"href":"https:\/\/ipust.no\/index.php\/wp-json\/wp\/v2\/types\/page"}],"author":[{"embeddable":true,"href":"https:\/\/ipust.no\/index.php\/wp-json\/wp\/v2\/users\/1"}],"replies":[{"embeddable":true,"href":"https:\/\/ipust.no\/index.php\/wp-json\/wp\/v2\/comments?post=52"}],"version-history":[{"count":10,"href":"https:\/\/ipust.no\/index.php\/wp-json\/wp\/v2\/pages\/52\/revisions"}],"predecessor-version":[{"id":183,"href":"https:\/\/ipust.no\/index.php\/wp-json\/wp\/v2\/pages\/52\/revisions\/183"}],"wp:featuredmedia":[{"embeddable":true,"href":"https:\/\/ipust.no\/index.php\/wp-json\/wp\/v2\/media\/69"}],"wp:attachment":[{"href":"https:\/\/ipust.no\/index.php\/wp-json\/wp\/v2\/media?parent=52"}],"curies":[{"name":"wp","href":"https:\/\/api.w.org\/{rel}","templated":true}]}}