{"id":136,"date":"2023-09-02T09:03:50","date_gmt":"2023-09-02T09:03:50","guid":{"rendered":"https:\/\/ipust.no\/?page_id=136"},"modified":"2023-09-02T15:13:33","modified_gmt":"2023-09-02T15:13:33","slug":"ipust","status":"publish","type":"page","link":"https:\/\/ipust.no\/","title":{"rendered":"iPust"},"content":{"rendered":"\n<p class=\"has-x-large-font-size\">Er du i livet? I pusten? <\/p>\n\n\n\n<p class=\"has-x-large-font-size\">Er du i deg selv, virkelig i deg selv? <\/p>\n\n\n\n<p class=\"has-x-large-font-size\">Er du her og n\u00e5?<\/p>\n\n\n\n<p>     <\/p>\n\n\n\n<p style=\"font-size:24px\">Jeg tilbyr veiledning til familier, reading og yoga med fokus p\u00e5 pust, tilstedev\u00e6relse og avspenning. <\/p>\n\n\n\n<p><\/p>\n\n\n\n<div class=\"wp-block-group is-layout-constrained wp-block-group-is-layout-constrained\"><div class=\"wp-block-group__inner-container\">\n<div class=\"wp-block-columns is-layout-flex wp-container-5 wp-block-columns-is-layout-flex\">\n<div class=\"wp-block-column is-layout-flow wp-block-column-is-layout-flow\" style=\"flex-basis:50%\"><div class=\"wp-block-image\">\n<figure class=\"alignleft size-large is-resized\"><img decoding=\"async\" loading=\"lazy\" src=\"https:\/\/ipust.no\/wp-content\/uploads\/2023\/09\/IMG-20230610-WA00043642-531x1024.jpg\" alt=\"\" class=\"wp-image-140\" style=\"width:407px;height:784px\" width=\"407\" height=\"784\" srcset=\"https:\/\/ipust.no\/wp-content\/uploads\/2023\/09\/IMG-20230610-WA00043642-531x1024.jpg 531w, https:\/\/ipust.no\/wp-content\/uploads\/2023\/09\/IMG-20230610-WA00043642-156x300.jpg 156w, https:\/\/ipust.no\/wp-content\/uploads\/2023\/09\/IMG-20230610-WA00043642.jpg 642w\" sizes=\"(max-width: 407px) 100vw, 407px\" \/><\/figure><\/div><\/div>\n\n\n\n<div class=\"wp-block-column is-vertically-aligned-top is-layout-flow wp-block-column-is-layout-flow\" style=\"flex-basis:50%\">\n<div class=\"wp-block-group is-layout-constrained wp-block-group-is-layout-constrained\"><div class=\"wp-block-group__inner-container\">\n<p class=\"has-text-align-left\" style=\"font-size:20px;font-style:normal;font-weight:700\">Uttalelser fra tidligere kunder:<\/p>\n<\/div><\/div>\n\n\n\n<div class=\"wp-block-group is-layout-constrained wp-block-group-is-layout-constrained\"><div class=\"wp-block-group__inner-container\">\n<p style=\"font-size:18px\">&laquo;N\u00e5r du sitter i lesing med Torunn er det som om hun ser rett inn i sjelen din. Hun tar tak i underliggende f\u00f8lelser og bringer de frem. Det var en veldig n\u00e6r og god opplevelse.&raquo; &#8211; Vilde (28)<\/p>\n\n\n\n<p style=\"font-size:18px\">&laquo;Torunn har hjulpet \u00e5 f\u00e5 hverdagen min p\u00e5 plass p\u00e5 en m\u00e5te jeg ikke trodde var mulig. Lesningene kan like godt bli kalt l\u00f8sningen. De er presise, rett p\u00e5 og enkle \u00e5 forst\u00e5.&raquo; &#8211; Johanna Dorothea Raita<\/p>\n<\/div><\/div>\n<\/div>\n<\/div>\n<\/div><\/div>\n","protected":false},"excerpt":{"rendered":"<p>Er du i livet? I pusten? Er du i deg selv, virkelig i deg selv? Er du her og n\u00e5? Jeg tilbyr veiledning til familier, reading og yoga med fokus p\u00e5 pust, tilstedev\u00e6relse og avspenning. Uttalelser fra tidligere kunder: &laquo;N\u00e5r du sitter i lesing med Torunn er det som om hun ser rett inn i&#8230;<\/p>\n","protected":false},"author":1,"featured_media":0,"parent":0,"menu_order":0,"comment_status":"closed","ping_status":"closed","template":"","meta":{"footnotes":""},"_links":{"self":[{"href":"https:\/\/ipust.no\/index.php\/wp-json\/wp\/v2\/pages\/136"}],"collection":[{"href":"https:\/\/ipust.no\/index.php\/wp-json\/wp\/v2\/pages"}],"about":[{"href":"https:\/\/ipust.no\/index.php\/wp-json\/wp\/v2\/types\/page"}],"author":[{"embeddable":true,"href":"https:\/\/ipust.no\/index.php\/wp-json\/wp\/v2\/users\/1"}],"replies":[{"embeddable":true,"href":"https:\/\/ipust.no\/index.php\/wp-json\/wp\/v2\/comments?post=136"}],"version-history":[{"count":8,"href":"https:\/\/ipust.no\/index.php\/wp-json\/wp\/v2\/pages\/136\/revisions"}],"predecessor-version":[{"id":187,"href":"https:\/\/ipust.no\/index.php\/wp-json\/wp\/v2\/pages\/136\/revisions\/187"}],"wp:attachment":[{"href":"https:\/\/ipust.no\/index.php\/wp-json\/wp\/v2\/media?parent=136"}],"curies":[{"name":"wp","href":"https:\/\/api.w.org\/{rel}","templated":true}]}}