{"id":13,"date":"2023-06-10T07:39:12","date_gmt":"2023-06-10T07:39:12","guid":{"rendered":"https:\/\/ipust.no\/?page_id=13"},"modified":"2023-10-12T13:29:24","modified_gmt":"2023-10-12T13:29:24","slug":"reading","status":"publish","type":"page","link":"https:\/\/ipust.no\/index.php\/reading\/","title":{"rendered":"Reading"},"content":{"rendered":"\n<p style=\"font-size:25px\">I en reading vil jeg sp\u00f8rre den jeg leser om hvilket tema de \u00f8nsker \u00e5 belyse. Deretter vil jeg snakke gjennom det jeg leser fra personens energifelt. Det som kommer frem kan v\u00e6re gjenkjennbart der og da, eller s\u00e5 kan det ta litt tid f\u00f8r en skj\u00f8nner hva det handler om. Det er vanlig \u00e5 f\u00e5 en reaksjon etter en reading, som blant annet kan gi en f\u00f8lelse av forvirrethet, \u00f8kt energiniv\u00e5, \u00f8kt mestring, tristhet og mye annet. <\/p>\n\n\n\n<figure class=\"wp-block-image size-large\"><img decoding=\"async\" loading=\"lazy\" width=\"768\" height=\"1024\" src=\"https:\/\/ipust.no\/wp-content\/uploads\/2023\/08\/IMG_20191129_2148032955-768x1024.jpg\" alt=\"\" class=\"wp-image-129\" srcset=\"https:\/\/ipust.no\/wp-content\/uploads\/2023\/08\/IMG_20191129_2148032955-768x1024.jpg 768w, https:\/\/ipust.no\/wp-content\/uploads\/2023\/08\/IMG_20191129_2148032955-225x300.jpg 225w, https:\/\/ipust.no\/wp-content\/uploads\/2023\/08\/IMG_20191129_2148032955-1152x1536.jpg 1152w, https:\/\/ipust.no\/wp-content\/uploads\/2023\/08\/IMG_20191129_2148032955-1536x2048.jpg 1536w, https:\/\/ipust.no\/wp-content\/uploads\/2023\/08\/IMG_20191129_2148032955-scaled.jpg 1920w\" sizes=\"(max-width: 768px) 100vw, 768px\" \/><figcaption class=\"wp-element-caption\">I November 2019 fullf\u00f8rte jeg mitt 10ende semester p\u00e5 Agape instituttet.<\/figcaption><\/figure>\n\n\n\n<p style=\"font-size:25px\"><\/p>\n\n\n\n<p style=\"font-size:25px\">Jeg tilbyr reading enten i person, p\u00e5 zoom eller over telefon, utifra hva du foretrekker og hvor i landet du er.<\/p>\n\n\n<div class=\"wp-block-image\">\n<figure class=\"aligncenter size-full is-resized\"><img decoding=\"async\" loading=\"lazy\" src=\"https:\/\/ipust.no\/wp-content\/uploads\/2023\/06\/Quote-reading.png\" alt=\"\" class=\"wp-image-46\" style=\"width:451px;height:378px\" width=\"451\" height=\"378\" srcset=\"https:\/\/ipust.no\/wp-content\/uploads\/2023\/06\/Quote-reading.png 940w, https:\/\/ipust.no\/wp-content\/uploads\/2023\/06\/Quote-reading-300x251.png 300w, https:\/\/ipust.no\/wp-content\/uploads\/2023\/06\/Quote-reading-768x644.png 768w\" sizes=\"(max-width: 451px) 100vw, 451px\" \/><\/figure><\/div>","protected":false},"excerpt":{"rendered":"<p>I en reading vil jeg sp\u00f8rre den jeg leser om hvilket tema de \u00f8nsker \u00e5 belyse. Deretter vil jeg snakke gjennom det jeg leser fra personens energifelt. Det som kommer frem kan v\u00e6re gjenkjennbart der og da, eller s\u00e5 kan det ta litt tid f\u00f8r en skj\u00f8nner hva det handler om. Det er vanlig \u00e5&#8230;<\/p>\n","protected":false},"author":1,"featured_media":45,"parent":0,"menu_order":0,"comment_status":"closed","ping_status":"closed","template":"","meta":{"footnotes":""},"_links":{"self":[{"href":"https:\/\/ipust.no\/index.php\/wp-json\/wp\/v2\/pages\/13"}],"collection":[{"href":"https:\/\/ipust.no\/index.php\/wp-json\/wp\/v2\/pages"}],"about":[{"href":"https:\/\/ipust.no\/index.php\/wp-json\/wp\/v2\/types\/page"}],"author":[{"embeddable":true,"href":"https:\/\/ipust.no\/index.php\/wp-json\/wp\/v2\/users\/1"}],"replies":[{"embeddable":true,"href":"https:\/\/ipust.no\/index.php\/wp-json\/wp\/v2\/comments?post=13"}],"version-history":[{"count":9,"href":"https:\/\/ipust.no\/index.php\/wp-json\/wp\/v2\/pages\/13\/revisions"}],"predecessor-version":[{"id":192,"href":"https:\/\/ipust.no\/index.php\/wp-json\/wp\/v2\/pages\/13\/revisions\/192"}],"wp:featuredmedia":[{"embeddable":true,"href":"https:\/\/ipust.no\/index.php\/wp-json\/wp\/v2\/media\/45"}],"wp:attachment":[{"href":"https:\/\/ipust.no\/index.php\/wp-json\/wp\/v2\/media?parent=13"}],"curies":[{"name":"wp","href":"https:\/\/api.w.org\/{rel}","templated":true}]}}