{"id":12,"date":"2023-06-10T07:39:11","date_gmt":"2023-06-10T07:39:11","guid":{"rendered":"https:\/\/ipust.no\/?page_id=12"},"modified":"2023-10-12T13:27:48","modified_gmt":"2023-10-12T13:27:48","slug":"yoga","status":"publish","type":"page","link":"https:\/\/ipust.no\/index.php\/yoga\/","title":{"rendered":"Yoga"},"content":{"rendered":"\n<p style=\"font-size:25px\">I en aktiv hverdag har jeg lett for \u00e5 glemme \u00e5 ta en pust i bakken og v\u00e6re med meg selv, noe jeg tror vi alle har et behov for. &nbsp;Det er godt og n\u00e6rende \u00e5 v\u00e6re med seg selv i rolige bevegelser og hvile, s\u00e5 vel som fysisk krevende trening, som Yoga kan gi, samtidig er det kanskje lettere \u00e5 sette av tid til \u00e5 trene p\u00e5 treningsstudio. Fra august 2023 har jeg skal begynne \u00e5 undervise yoga i sm\u00e5 grupper ettermiddag\/kveld p\u00e5 Tangen helseklinikk p\u00e5 Nesodden. Gruppene skal v\u00e6re p\u00e5 2 til 4 deltakere.<\/p>\n\n\n\n<p style=\"font-size:25px\"><\/p>\n","protected":false},"excerpt":{"rendered":"<p>I en aktiv hverdag har jeg lett for \u00e5 glemme \u00e5 ta en pust i bakken og v\u00e6re med meg selv, noe jeg tror vi alle har et behov for. &nbsp;Det er godt og n\u00e6rende \u00e5 v\u00e6re med seg selv i rolige bevegelser og hvile, s\u00e5 vel som fysisk krevende trening, som Yoga kan gi,&#8230;<\/p>\n","protected":false},"author":1,"featured_media":165,"parent":0,"menu_order":0,"comment_status":"closed","ping_status":"closed","template":"","meta":{"footnotes":""},"_links":{"self":[{"href":"https:\/\/ipust.no\/index.php\/wp-json\/wp\/v2\/pages\/12"}],"collection":[{"href":"https:\/\/ipust.no\/index.php\/wp-json\/wp\/v2\/pages"}],"about":[{"href":"https:\/\/ipust.no\/index.php\/wp-json\/wp\/v2\/types\/page"}],"author":[{"embeddable":true,"href":"https:\/\/ipust.no\/index.php\/wp-json\/wp\/v2\/users\/1"}],"replies":[{"embeddable":true,"href":"https:\/\/ipust.no\/index.php\/wp-json\/wp\/v2\/comments?post=12"}],"version-history":[{"count":11,"href":"https:\/\/ipust.no\/index.php\/wp-json\/wp\/v2\/pages\/12\/revisions"}],"predecessor-version":[{"id":191,"href":"https:\/\/ipust.no\/index.php\/wp-json\/wp\/v2\/pages\/12\/revisions\/191"}],"wp:featuredmedia":[{"embeddable":true,"href":"https:\/\/ipust.no\/index.php\/wp-json\/wp\/v2\/media\/165"}],"wp:attachment":[{"href":"https:\/\/ipust.no\/index.php\/wp-json\/wp\/v2\/media?parent=12"}],"curies":[{"name":"wp","href":"https:\/\/api.w.org\/{rel}","templated":true}]}}